{"id":234,"date":"2021-10-20T16:09:31","date_gmt":"2021-10-20T14:09:31","guid":{"rendered":"https:\/\/aquaferme.fr\/?page_id=234"},"modified":"2021-11-05T19:50:46","modified_gmt":"2021-11-05T18:50:46","slug":"le-goujon","status":"publish","type":"page","link":"https:\/\/aquaferme.fr\/?page_id=234","title":{"rendered":"Le Goujon"},"content":{"rendered":"\n<figure class=\"wp-block-image size-full\"><img loading=\"lazy\" decoding=\"async\" width=\"1003\" height=\"499\" src=\"https:\/\/aquaferme.fr\/wp-content\/uploads\/2021\/11\/Goujon.jpg\" alt=\"\" class=\"wp-image-324\" srcset=\"https:\/\/aquaferme.fr\/wp-content\/uploads\/2021\/11\/Goujon.jpg 1003w, https:\/\/aquaferme.fr\/wp-content\/uploads\/2021\/11\/Goujon-300x149.jpg 300w, https:\/\/aquaferme.fr\/wp-content\/uploads\/2021\/11\/Goujon-768x382.jpg 768w\" sizes=\"auto, (max-width: 1003px) 100vw, 1003px\" \/><figcaption>Le goujon<\/figcaption><\/figure>\n\n\n\n<p class=\"has-medium-font-size\">Petit poisson (en moyenne 10cm) \u00e0 section presque ronde, \u00e0 t\u00eate assez massive et aplatie, \u00e0 la bouche pointue et dot\u00e9e de 2 barbillons, tourn\u00e9e vers le bas pour fouiller le fond efficacement et attraper les microcrustac\u00e9s, les vers et en particulier les larves d\u2019insectes\u2026<\/p>\n\n\n\n<p class=\"has-medium-font-size\">Il porte une robe brune, tachet\u00e9e longitudinalement de noire qui se confond tr\u00e8s bien aux milieux graveleux et sablonneux.<\/p>\n\n\n\n<p class=\"has-medium-font-size\">On les retrouve g\u00e9n\u00e9ralement en petits bancs, toujours \u00e0 proximit\u00e9 du fond.<\/p>\n\n\n\n<p class=\"has-medium-font-size\">La ponte, peu importante, a lieu en mai-juin (15\u00b0C) sur les graviers, la t\u00eate des m\u00e2les devient alors rugueuses et s\u2019orne de petites excroissances appel\u00e9es tubercules nuptiaux.<\/p>\n","protected":false},"excerpt":{"rendered":"<p>Petit poisson (en moyenne 10cm) \u00e0 section presque ronde, \u00e0 t\u00eate assez massive et aplatie, \u00e0 la bouche pointue et dot\u00e9e de 2 barbillons, tourn\u00e9e vers le bas pour fouiller le fond efficacement et attraper les microcrustac\u00e9s, les vers et en particulier les larves d\u2019insectes\u2026 Il porte une robe brune, tachet\u00e9e longitudinalement de noire qui [&hellip;]<\/p>\n","protected":false},"author":1,"featured_media":0,"parent":21,"menu_order":3,"comment_status":"closed","ping_status":"closed","template":"","meta":{"site-sidebar-layout":"default","site-content-layout":"default","ast-site-content-layout":"default","site-content-style":"default","site-sidebar-style":"default","ast-global-header-display":"","ast-banner-title-visibility":"","ast-main-header-display":"","ast-hfb-above-header-display":"","ast-hfb-below-header-display":"","ast-hfb-mobile-header-display":"","site-post-title":"","ast-breadcrumbs-content":"","ast-featured-img":"","footer-sml-layout":"","ast-disable-related-posts":"","theme-transparent-header-meta":"default","adv-header-id-meta":"","stick-header-meta":"","header-above-stick-meta":"","header-main-stick-meta":"","header-below-stick-meta":"","astra-migrate-meta-layouts":"default","ast-page-background-enabled":"default","ast-page-background-meta":{"desktop":{"background-color":"var(--ast-global-color-4)","background-image":"","background-repeat":"repeat","background-position":"center center","background-size":"auto","background-attachment":"scroll","background-type":"","background-media":"","overlay-type":"","overlay-color":"","overlay-opacity":"","overlay-gradient":""},"tablet":{"background-color":"","background-image":"","background-repeat":"repeat","background-position":"center center","background-size":"auto","background-attachment":"scroll","background-type":"","background-media":"","overlay-type":"","overlay-color":"","overlay-opacity":"","overlay-gradient":""},"mobile":{"background-color":"","background-image":"","background-repeat":"repeat","background-position":"center center","background-size":"auto","background-attachment":"scroll","background-type":"","background-media":"","overlay-type":"","overlay-color":"","overlay-opacity":"","overlay-gradient":""}},"ast-content-background-meta":{"desktop":{"background-color":"var(--ast-global-color-5)","background-image":"","background-repeat":"repeat","background-position":"center center","background-size":"auto","background-attachment":"scroll","background-type":"","background-media":"","overlay-type":"","overlay-color":"","overlay-opacity":"","overlay-gradient":""},"tablet":{"background-color":"var(--ast-global-color-5)","background-image":"","background-repeat":"repeat","background-position":"center center","background-size":"auto","background-attachment":"scroll","background-type":"","background-media":"","overlay-type":"","overlay-color":"","overlay-opacity":"","overlay-gradient":""},"mobile":{"background-color":"var(--ast-global-color-5)","background-image":"","background-repeat":"repeat","background-position":"center center","background-size":"auto","background-attachment":"scroll","background-type":"","background-media":"","overlay-type":"","overlay-color":"","overlay-opacity":"","overlay-gradient":""}},"footnotes":""},"class_list":["post-234","page","type-page","status-publish","hentry"],"_links":{"self":[{"href":"https:\/\/aquaferme.fr\/index.php?rest_route=\/wp\/v2\/pages\/234","targetHints":{"allow":["GET"]}}],"collection":[{"href":"https:\/\/aquaferme.fr\/index.php?rest_route=\/wp\/v2\/pages"}],"about":[{"href":"https:\/\/aquaferme.fr\/index.php?rest_route=\/wp\/v2\/types\/page"}],"author":[{"embeddable":true,"href":"https:\/\/aquaferme.fr\/index.php?rest_route=\/wp\/v2\/users\/1"}],"replies":[{"embeddable":true,"href":"https:\/\/aquaferme.fr\/index.php?rest_route=%2Fwp%2Fv2%2Fcomments&post=234"}],"version-history":[{"count":3,"href":"https:\/\/aquaferme.fr\/index.php?rest_route=\/wp\/v2\/pages\/234\/revisions"}],"predecessor-version":[{"id":326,"href":"https:\/\/aquaferme.fr\/index.php?rest_route=\/wp\/v2\/pages\/234\/revisions\/326"}],"up":[{"embeddable":true,"href":"https:\/\/aquaferme.fr\/index.php?rest_route=\/wp\/v2\/pages\/21"}],"wp:attachment":[{"href":"https:\/\/aquaferme.fr\/index.php?rest_route=%2Fwp%2Fv2%2Fmedia&parent=234"}],"curies":[{"name":"wp","href":"https:\/\/api.w.org\/{rel}","templated":true}]}}