{"id":226,"date":"2021-10-20T17:36:26","date_gmt":"2021-10-20T15:36:26","guid":{"rendered":"https:\/\/aquaferme.fr\/?page_id=226"},"modified":"2021-11-02T18:24:34","modified_gmt":"2021-11-02T17:24:34","slug":"le-gardon-et-rotengle","status":"publish","type":"page","link":"https:\/\/aquaferme.fr\/?page_id=226","title":{"rendered":"Le Gardon et Rotengle"},"content":{"rendered":"\n<figure class=\"wp-block-image size-large\"><img loading=\"lazy\" decoding=\"async\" width=\"1024\" height=\"576\" src=\"https:\/\/aquaferme.fr\/wp-content\/uploads\/2021\/11\/Les-gardons-1024x576.jpg\" alt=\"\" class=\"wp-image-302\" srcset=\"https:\/\/aquaferme.fr\/wp-content\/uploads\/2021\/11\/Les-gardons-1024x576.jpg 1024w, https:\/\/aquaferme.fr\/wp-content\/uploads\/2021\/11\/Les-gardons-300x169.jpg 300w, https:\/\/aquaferme.fr\/wp-content\/uploads\/2021\/11\/Les-gardons-768x432.jpg 768w, https:\/\/aquaferme.fr\/wp-content\/uploads\/2021\/11\/Les-gardons.jpg 1280w\" sizes=\"auto, (max-width: 1024px) 100vw, 1024px\" \/><figcaption>le gardon<\/figcaption><\/figure>\n\n\n\n<p class=\"has-medium-font-size\">Poisson autochtone dans toute l\u2019Europe, il sert essentiellement de poisson fourrage pour les carnassiers.<\/p>\n\n\n\n<p class=\"has-medium-font-size\">Il a un corps allong\u00e9, \u00e0 section oblongue, petite t\u00eate, \u00e0 bouche tourn\u00e9e vers le bas dans le cas du gardon, d\u2019avantage vers le haut pour le rotengle. L\u2019\u0153il a le demi-cercle sup\u00e9rieur orang\u00e9, la nageoire ventrale est jaune-l\u00e9g\u00e8rement orang\u00e9e, plus rouge chez le rotengle.<\/p>\n\n\n\n<p class=\"has-medium-font-size\">Le gardon a par ailleurs la nageoire pelvienne \u00e0 la m\u00eame distance de la dorsale, cette derni\u00e8re est plus recul\u00e9e chez le rotengle.<\/p>\n\n\n\n<p class=\"has-medium-font-size\">C\u2019est un poisson de pleine eau, aussi bien au fond qu\u2019en surface, il est omnivore \u00e0 dominante planctonophage et insectivore, ne d\u00e9daignant pas \u00e0 l\u2019occasion quelques plantes et algues. En p\u00e9riode de fraie, vers mars-avril (15\u00b0C), il porte des asp\u00e9rit\u00e9s sur les \u00e9cailles et la t\u00eate (\u00ab boutons de noce \u00bb) et fraient en banc sur les herbiers.<\/p>\n","protected":false},"excerpt":{"rendered":"<p>Poisson autochtone dans toute l\u2019Europe, il sert essentiellement de poisson fourrage pour les carnassiers. Il a un corps allong\u00e9, \u00e0 section oblongue, petite t\u00eate, \u00e0 bouche tourn\u00e9e vers le bas dans le cas du gardon, d\u2019avantage vers le haut pour le rotengle. L\u2019\u0153il a le demi-cercle sup\u00e9rieur orang\u00e9, la nageoire ventrale est jaune-l\u00e9g\u00e8rement orang\u00e9e, plus [&hellip;]<\/p>\n","protected":false},"author":1,"featured_media":0,"parent":21,"menu_order":3,"comment_status":"closed","ping_status":"closed","template":"","meta":{"site-sidebar-layout":"default","site-content-layout":"default","ast-site-content-layout":"default","site-content-style":"default","site-sidebar-style":"default","ast-global-header-display":"","ast-banner-title-visibility":"","ast-main-header-display":"","ast-hfb-above-header-display":"","ast-hfb-below-header-display":"","ast-hfb-mobile-header-display":"","site-post-title":"","ast-breadcrumbs-content":"","ast-featured-img":"","footer-sml-layout":"","ast-disable-related-posts":"","theme-transparent-header-meta":"default","adv-header-id-meta":"","stick-header-meta":"","header-above-stick-meta":"","header-main-stick-meta":"","header-below-stick-meta":"","astra-migrate-meta-layouts":"default","ast-page-background-enabled":"default","ast-page-background-meta":{"desktop":{"background-color":"var(--ast-global-color-4)","background-image":"","background-repeat":"repeat","background-position":"center center","background-size":"auto","background-attachment":"scroll","background-type":"","background-media":"","overlay-type":"","overlay-color":"","overlay-opacity":"","overlay-gradient":""},"tablet":{"background-color":"","background-image":"","background-repeat":"repeat","background-position":"center center","background-size":"auto","background-attachment":"scroll","background-type":"","background-media":"","overlay-type":"","overlay-color":"","overlay-opacity":"","overlay-gradient":""},"mobile":{"background-color":"","background-image":"","background-repeat":"repeat","background-position":"center center","background-size":"auto","background-attachment":"scroll","background-type":"","background-media":"","overlay-type":"","overlay-color":"","overlay-opacity":"","overlay-gradient":""}},"ast-content-background-meta":{"desktop":{"background-color":"var(--ast-global-color-5)","background-image":"","background-repeat":"repeat","background-position":"center center","background-size":"auto","background-attachment":"scroll","background-type":"","background-media":"","overlay-type":"","overlay-color":"","overlay-opacity":"","overlay-gradient":""},"tablet":{"background-color":"var(--ast-global-color-5)","background-image":"","background-repeat":"repeat","background-position":"center center","background-size":"auto","background-attachment":"scroll","background-type":"","background-media":"","overlay-type":"","overlay-color":"","overlay-opacity":"","overlay-gradient":""},"mobile":{"background-color":"var(--ast-global-color-5)","background-image":"","background-repeat":"repeat","background-position":"center center","background-size":"auto","background-attachment":"scroll","background-type":"","background-media":"","overlay-type":"","overlay-color":"","overlay-opacity":"","overlay-gradient":""}},"footnotes":""},"class_list":["post-226","page","type-page","status-publish","hentry"],"_links":{"self":[{"href":"https:\/\/aquaferme.fr\/index.php?rest_route=\/wp\/v2\/pages\/226","targetHints":{"allow":["GET"]}}],"collection":[{"href":"https:\/\/aquaferme.fr\/index.php?rest_route=\/wp\/v2\/pages"}],"about":[{"href":"https:\/\/aquaferme.fr\/index.php?rest_route=\/wp\/v2\/types\/page"}],"author":[{"embeddable":true,"href":"https:\/\/aquaferme.fr\/index.php?rest_route=\/wp\/v2\/users\/1"}],"replies":[{"embeddable":true,"href":"https:\/\/aquaferme.fr\/index.php?rest_route=%2Fwp%2Fv2%2Fcomments&post=226"}],"version-history":[{"count":2,"href":"https:\/\/aquaferme.fr\/index.php?rest_route=\/wp\/v2\/pages\/226\/revisions"}],"predecessor-version":[{"id":303,"href":"https:\/\/aquaferme.fr\/index.php?rest_route=\/wp\/v2\/pages\/226\/revisions\/303"}],"up":[{"embeddable":true,"href":"https:\/\/aquaferme.fr\/index.php?rest_route=\/wp\/v2\/pages\/21"}],"wp:attachment":[{"href":"https:\/\/aquaferme.fr\/index.php?rest_route=%2Fwp%2Fv2%2Fmedia&parent=226"}],"curies":[{"name":"wp","href":"https:\/\/api.w.org\/{rel}","templated":true}]}}