{"id":215,"date":"2021-10-20T17:35:08","date_gmt":"2021-10-20T15:35:08","guid":{"rendered":"https:\/\/aquaferme.fr\/?page_id=215"},"modified":"2021-10-26T20:00:50","modified_gmt":"2021-10-26T18:00:50","slug":"le-black-bass","status":"publish","type":"page","link":"https:\/\/aquaferme.fr\/?page_id=215","title":{"rendered":"Le Black-bass"},"content":{"rendered":"\n<figure class=\"wp-block-image size-full\"><img loading=\"lazy\" decoding=\"async\" width=\"807\" height=\"657\" src=\"https:\/\/aquaferme.fr\/wp-content\/uploads\/2021\/10\/Black-bass-1.jpg\" alt=\"\" class=\"wp-image-216\" srcset=\"https:\/\/aquaferme.fr\/wp-content\/uploads\/2021\/10\/Black-bass-1.jpg 807w, https:\/\/aquaferme.fr\/wp-content\/uploads\/2021\/10\/Black-bass-1-300x244.jpg 300w, https:\/\/aquaferme.fr\/wp-content\/uploads\/2021\/10\/Black-bass-1-768x625.jpg 768w\" sizes=\"auto, (max-width: 807px) 100vw, 807px\" \/><figcaption><strong>Le Black-bass<\/strong><\/figcaption><\/figure>\n\n\n\n<p class=\"has-medium-font-size\">Cette esp\u00e8ce originaire d\u2019Am\u00e9rique du Nord fut introduite \u00e0 la fin du 19e si\u00e8cle. <\/p>\n\n\n\n<p class=\"has-medium-font-size\">C\u2019est un poisson trapu, \u00e0 la bouche \u00e9chancr\u00e9e pouvant ainsi ingurgiter de grosses proies..<\/p>\n\n\n\n<p class=\"has-medium-font-size\">Opportuniste, il va s\u2019adapter \u00e0 diff\u00e9rents milieux et nombreuses proies : il est r\u00e9put\u00e9 pour \u00eatre friand d\u2019\u00e9crevisses, insectes, batraciens et autres gast\u00e9ropodes\u2026<\/p>\n\n\n\n<p class=\"has-medium-font-size\">C\u2019est un poisson d\u2019eaux calmes, il c\u00f4toie les zones enherb\u00e9es, encombr\u00e9es, peu profondes. Les pontes sont prot\u00e9g\u00e9es et choy\u00e9es par le m\u00e2le jusqu\u2019au stade alevin, ce qui participe dans certains cas \u00e0 une prolif\u00e9ration importante.<\/p>\n","protected":false},"excerpt":{"rendered":"<p>Cette esp\u00e8ce originaire d\u2019Am\u00e9rique du Nord fut introduite \u00e0 la fin du 19e si\u00e8cle. C\u2019est un poisson trapu, \u00e0 la bouche \u00e9chancr\u00e9e pouvant ainsi ingurgiter de grosses proies.. Opportuniste, il va s\u2019adapter \u00e0 diff\u00e9rents milieux et nombreuses proies : il est r\u00e9put\u00e9 pour \u00eatre friand d\u2019\u00e9crevisses, insectes, batraciens et autres gast\u00e9ropodes\u2026 C\u2019est un poisson d\u2019eaux [&hellip;]<\/p>\n","protected":false},"author":1,"featured_media":0,"parent":21,"menu_order":3,"comment_status":"closed","ping_status":"closed","template":"","meta":{"site-sidebar-layout":"default","site-content-layout":"default","ast-site-content-layout":"default","site-content-style":"default","site-sidebar-style":"default","ast-global-header-display":"","ast-banner-title-visibility":"","ast-main-header-display":"","ast-hfb-above-header-display":"","ast-hfb-below-header-display":"","ast-hfb-mobile-header-display":"","site-post-title":"","ast-breadcrumbs-content":"","ast-featured-img":"","footer-sml-layout":"","ast-disable-related-posts":"","theme-transparent-header-meta":"default","adv-header-id-meta":"","stick-header-meta":"","header-above-stick-meta":"","header-main-stick-meta":"","header-below-stick-meta":"","astra-migrate-meta-layouts":"default","ast-page-background-enabled":"default","ast-page-background-meta":{"desktop":{"background-color":"var(--ast-global-color-4)","background-image":"","background-repeat":"repeat","background-position":"center center","background-size":"auto","background-attachment":"scroll","background-type":"","background-media":"","overlay-type":"","overlay-color":"","overlay-opacity":"","overlay-gradient":""},"tablet":{"background-color":"","background-image":"","background-repeat":"repeat","background-position":"center center","background-size":"auto","background-attachment":"scroll","background-type":"","background-media":"","overlay-type":"","overlay-color":"","overlay-opacity":"","overlay-gradient":""},"mobile":{"background-color":"","background-image":"","background-repeat":"repeat","background-position":"center center","background-size":"auto","background-attachment":"scroll","background-type":"","background-media":"","overlay-type":"","overlay-color":"","overlay-opacity":"","overlay-gradient":""}},"ast-content-background-meta":{"desktop":{"background-color":"var(--ast-global-color-5)","background-image":"","background-repeat":"repeat","background-position":"center center","background-size":"auto","background-attachment":"scroll","background-type":"","background-media":"","overlay-type":"","overlay-color":"","overlay-opacity":"","overlay-gradient":""},"tablet":{"background-color":"var(--ast-global-color-5)","background-image":"","background-repeat":"repeat","background-position":"center center","background-size":"auto","background-attachment":"scroll","background-type":"","background-media":"","overlay-type":"","overlay-color":"","overlay-opacity":"","overlay-gradient":""},"mobile":{"background-color":"var(--ast-global-color-5)","background-image":"","background-repeat":"repeat","background-position":"center center","background-size":"auto","background-attachment":"scroll","background-type":"","background-media":"","overlay-type":"","overlay-color":"","overlay-opacity":"","overlay-gradient":""}},"footnotes":""},"class_list":["post-215","page","type-page","status-publish","hentry"],"_links":{"self":[{"href":"https:\/\/aquaferme.fr\/index.php?rest_route=\/wp\/v2\/pages\/215","targetHints":{"allow":["GET"]}}],"collection":[{"href":"https:\/\/aquaferme.fr\/index.php?rest_route=\/wp\/v2\/pages"}],"about":[{"href":"https:\/\/aquaferme.fr\/index.php?rest_route=\/wp\/v2\/types\/page"}],"author":[{"embeddable":true,"href":"https:\/\/aquaferme.fr\/index.php?rest_route=\/wp\/v2\/users\/1"}],"replies":[{"embeddable":true,"href":"https:\/\/aquaferme.fr\/index.php?rest_route=%2Fwp%2Fv2%2Fcomments&post=215"}],"version-history":[{"count":2,"href":"https:\/\/aquaferme.fr\/index.php?rest_route=\/wp\/v2\/pages\/215\/revisions"}],"predecessor-version":[{"id":278,"href":"https:\/\/aquaferme.fr\/index.php?rest_route=\/wp\/v2\/pages\/215\/revisions\/278"}],"up":[{"embeddable":true,"href":"https:\/\/aquaferme.fr\/index.php?rest_route=\/wp\/v2\/pages\/21"}],"wp:attachment":[{"href":"https:\/\/aquaferme.fr\/index.php?rest_route=%2Fwp%2Fv2%2Fmedia&parent=215"}],"curies":[{"name":"wp","href":"https:\/\/api.w.org\/{rel}","templated":true}]}}