{"id":18,"date":"2021-09-21T12:29:50","date_gmt":"2021-09-21T10:29:50","guid":{"rendered":"https:\/\/aquaferme.fr\/?page_id=18"},"modified":"2025-09-16T15:52:16","modified_gmt":"2025-09-16T13:52:16","slug":"la-gestion-detang","status":"publish","type":"page","link":"https:\/\/aquaferme.fr\/?page_id=18","title":{"rendered":"La Gestion d&rsquo;\u00e9tang"},"content":{"rendered":"\n<p class=\"has-drop-cap has-primary-color has-text-color has-medium-font-size\">L\u2019optimisation du cycle biologique d\u2019un \u00e9tang piscicole assure son \u00e9quilibre et se traduit par une meilleure productivit\u00e9.<\/p>\n\n\n\n<p class=\"has-medium-font-size\">L\u2019\u00e9quilibre est cependant fragile et la gestion d\u2019\u00e9tang gagne a \u00eatre sous contr\u00f4le.<\/p>\n\n\n\n<figure class=\"wp-block-image size-large\"><img loading=\"lazy\" decoding=\"async\" width=\"333\" height=\"232\" src=\"https:\/\/aquaferme.fr\/wp-content\/uploads\/2021\/09\/Peixe-salta-para-dentro-de-barco-e-ataca-pescador.gif\" alt=\"\" class=\"wp-image-33\"\/><figcaption class=\"wp-element-caption\"><strong>A<\/strong><span class=\"has-inline-color has-ast-global-color-0-color\"><strong>vant la capture d\u2019un poisson carnassier de nombreux maillons de la chaine alimentaire d\u2019\u00e9tang se sont succ\u00e9d\u00e9s<\/strong> \u2026.<\/span><\/figcaption><\/figure>\n\n\n\n<figure class=\"wp-block-image size-large\"><img loading=\"lazy\" decoding=\"async\" width=\"944\" height=\"707\" src=\"https:\/\/aquaferme.fr\/wp-content\/uploads\/2021\/09\/Chaine-alimentaire-de-letang.jpg\" alt=\"La chaine alimentaire de l'Etang\" class=\"wp-image-32\" srcset=\"https:\/\/aquaferme.fr\/wp-content\/uploads\/2021\/09\/Chaine-alimentaire-de-letang.jpg 944w, https:\/\/aquaferme.fr\/wp-content\/uploads\/2021\/09\/Chaine-alimentaire-de-letang-300x225.jpg 300w, https:\/\/aquaferme.fr\/wp-content\/uploads\/2021\/09\/Chaine-alimentaire-de-letang-768x575.jpg 768w\" sizes=\"auto, (max-width: 944px) 100vw, 944px\" \/><figcaption class=\"wp-element-caption\"><strong>Chaine alimentaire de l&rsquo;\u00e9tang<\/strong><\/figcaption><\/figure>\n\n\n\n<p class=\"has-medium-font-size\">1 <em>\u2013 Les premiers rayons du soleil du printemps temp\u00e8rent l\u2019eau et les UV acc\u00e9l\u00e8rent la croissance du <strong>phytoplancton, des algues et des v\u00e9g\u00e9taux sup\u00e9rieurs.<\/strong><\/em><\/p>\n\n\n\n<p class=\"has-medium-font-size\"><em>2 \u2013 Le <strong>plancton animal ou zooplancton<\/strong>, puis les invert\u00e9br\u00e9s aquatiques profitent de cette profusion d\u2019alimentation pour croitre et se multiplier \u00e0 leur tour.&nbsp;<\/em><\/p>\n\n\n\n<p class=\"has-medium-font-size\"><em>3 \u2013&nbsp;<\/em> Les <strong>batraciens et les poissons planctonophages et omnivores<\/strong> sont les intervenants suivants qui profitent de cette chaine alimentaire. Parmi cette population on trouve les carpes, les tanches, gardons, goujons\u2026<\/p>\n\n\n\n<p class=\"has-medium-font-size\"><em>4 \u2013 Les <strong>carnassiers,<\/strong> en haut de la chaine alimentaire pr\u00e9l\u00e8vent leurs proies pour assurer leur alimentation. Le sandre, la&nbsp;truite, le&nbsp;brochet, le black-bass et la perche sont parmi les plus fr\u00e9quents dans nos r\u00e9gions.&nbsp;<\/em><\/p>\n\n\n\n<p><\/p>\n\n\n\n<p class=\"has-medium-font-size\">L&rsquo;\u00e9quilibre de ce cycle biologique est important. De lui d\u00e9pend \u00e9galement la r\u00e9gulation des nutriments et de la mati\u00e8re organique produits par l\u2019\u00e9cosyst\u00e8me de l\u2019\u00e9tang ainsi que l\u2019\u00e9limination des compos\u00e9s toxiques et notamment, \u00a0l\u2019apport en oxyg\u00e8ne n\u00e9cessaire \u00e0 la vie des vert\u00e9br\u00e9s.<\/p>\n\n\n\n<p class=\"has-medium-font-size\">Bien g\u00e9r\u00e9, l\u2019\u00e9tang piscicole est en partie \u00ab&nbsp;auto-\u00e9purateur&nbsp;\u00bb gr\u00e2ce \u00e0 l\u2019absorption au cours de la cha\u00eene trophique de l\u2019\u00e9tang et la p\u00eache des poissons.<\/p>\n\n\n\n<p class=\"has-medium-font-size\">La partie des nutriments \u00ab&nbsp;non dig\u00e9r\u00e9s&nbsp;\u00bb s\u00e9dimentera. Leur d\u00e9p\u00f4t dans le fond de l\u2019\u00e9tang sera \u00e9vacu\u00e9 et transform\u00e9 en partie lors des vidanges et assecs r\u00e9guliers et des \u00e9ventuels apports d\u2019amendements.<\/p>\n\n\n\n<p class=\"has-medium-font-size\">Dans ces conditions, l\u2019op\u00e9ration de curage, solution extr\u00eame, devient exceptionnelle.<\/p>\n\n\n\n<p class=\"has-medium-font-size\">Nous promouvons une gestion piscicole ma\u00eetris\u00e9e des \u00e9tangs pour une p\u00e9rennit\u00e9 de ces \u00e9cosyst\u00e8mes riches et complexes. Gr\u00e2ce au conseil et \u00e0 l\u2019assistance \u00e0 la gestion d\u2019\u00e9tang, l\u2019impact biologique, paysager mais aussi la diversit\u00e9 des usages repr\u00e9sentent de nombreux avantages. <\/p>\n\n\n\n<p class=\"has-medium-font-size\">La gestion du milieu au fil du temps et l\u2019empoissonnement am\u00e9liorent la qualit\u00e9 de l\u2019eau (auto-\u00e9puration\u2026) ainsi que la biodiversit\u00e9 (am\u00e9lioration des cycles biologiques, contr\u00f4le des nuisibles\u2026).<\/p>\n\n\n\n<figure class=\"wp-block-image size-full\"><img loading=\"lazy\" decoding=\"async\" width=\"985\" height=\"734\" src=\"https:\/\/aquaferme.fr\/wp-content\/uploads\/2021\/09\/especes-invasives.jpg\" alt=\"\" class=\"wp-image-190\" srcset=\"https:\/\/aquaferme.fr\/wp-content\/uploads\/2021\/09\/especes-invasives.jpg 985w, https:\/\/aquaferme.fr\/wp-content\/uploads\/2021\/09\/especes-invasives-300x224.jpg 300w, https:\/\/aquaferme.fr\/wp-content\/uploads\/2021\/09\/especes-invasives-768x572.jpg 768w\" sizes=\"auto, (max-width: 985px) 100vw, 985px\" \/><figcaption class=\"wp-element-caption\">Les principales esp\u00e8ces invasives de nos \u00e9tangs<\/figcaption><\/figure>\n","protected":false},"excerpt":{"rendered":"<p>L\u2019optimisation du cycle biologique d\u2019un \u00e9tang piscicole assure son \u00e9quilibre et se traduit par une meilleure productivit\u00e9. L\u2019\u00e9quilibre est cependant fragile et la gestion d\u2019\u00e9tang gagne a \u00eatre sous contr\u00f4le. 1 \u2013 Les premiers rayons du soleil du printemps temp\u00e8rent l\u2019eau et les UV acc\u00e9l\u00e8rent la croissance du phytoplancton, des algues et des v\u00e9g\u00e9taux sup\u00e9rieurs. [&hellip;]<\/p>\n","protected":false},"author":1,"featured_media":0,"parent":2,"menu_order":2,"comment_status":"closed","ping_status":"closed","template":"","meta":{"site-sidebar-layout":"default","site-content-layout":"default","ast-site-content-layout":"default","site-content-style":"default","site-sidebar-style":"default","ast-global-header-display":"","ast-banner-title-visibility":"","ast-main-header-display":"","ast-hfb-above-header-display":"","ast-hfb-below-header-display":"","ast-hfb-mobile-header-display":"","site-post-title":"","ast-breadcrumbs-content":"","ast-featured-img":"","footer-sml-layout":"","ast-disable-related-posts":"","theme-transparent-header-meta":"default","adv-header-id-meta":"","stick-header-meta":"","header-above-stick-meta":"","header-main-stick-meta":"","header-below-stick-meta":"","astra-migrate-meta-layouts":"set","ast-page-background-enabled":"default","ast-page-background-meta":{"desktop":{"background-color":"var(--ast-global-color-4)","background-image":"","background-repeat":"repeat","background-position":"center center","background-size":"auto","background-attachment":"scroll","background-type":"","background-media":"","overlay-type":"","overlay-color":"","overlay-opacity":"","overlay-gradient":""},"tablet":{"background-color":"","background-image":"","background-repeat":"repeat","background-position":"center center","background-size":"auto","background-attachment":"scroll","background-type":"","background-media":"","overlay-type":"","overlay-color":"","overlay-opacity":"","overlay-gradient":""},"mobile":{"background-color":"","background-image":"","background-repeat":"repeat","background-position":"center center","background-size":"auto","background-attachment":"scroll","background-type":"","background-media":"","overlay-type":"","overlay-color":"","overlay-opacity":"","overlay-gradient":""}},"ast-content-background-meta":{"desktop":{"background-color":"var(--ast-global-color-5)","background-image":"","background-repeat":"repeat","background-position":"center center","background-size":"auto","background-attachment":"scroll","background-type":"","background-media":"","overlay-type":"","overlay-color":"","overlay-opacity":"","overlay-gradient":""},"tablet":{"background-color":"var(--ast-global-color-5)","background-image":"","background-repeat":"repeat","background-position":"center center","background-size":"auto","background-attachment":"scroll","background-type":"","background-media":"","overlay-type":"","overlay-color":"","overlay-opacity":"","overlay-gradient":""},"mobile":{"background-color":"var(--ast-global-color-5)","background-image":"","background-repeat":"repeat","background-position":"center center","background-size":"auto","background-attachment":"scroll","background-type":"","background-media":"","overlay-type":"","overlay-color":"","overlay-opacity":"","overlay-gradient":""}},"footnotes":""},"class_list":["post-18","page","type-page","status-publish","hentry"],"_links":{"self":[{"href":"https:\/\/aquaferme.fr\/index.php?rest_route=\/wp\/v2\/pages\/18","targetHints":{"allow":["GET"]}}],"collection":[{"href":"https:\/\/aquaferme.fr\/index.php?rest_route=\/wp\/v2\/pages"}],"about":[{"href":"https:\/\/aquaferme.fr\/index.php?rest_route=\/wp\/v2\/types\/page"}],"author":[{"embeddable":true,"href":"https:\/\/aquaferme.fr\/index.php?rest_route=\/wp\/v2\/users\/1"}],"replies":[{"embeddable":true,"href":"https:\/\/aquaferme.fr\/index.php?rest_route=%2Fwp%2Fv2%2Fcomments&post=18"}],"version-history":[{"count":11,"href":"https:\/\/aquaferme.fr\/index.php?rest_route=\/wp\/v2\/pages\/18\/revisions"}],"predecessor-version":[{"id":442,"href":"https:\/\/aquaferme.fr\/index.php?rest_route=\/wp\/v2\/pages\/18\/revisions\/442"}],"up":[{"embeddable":true,"href":"https:\/\/aquaferme.fr\/index.php?rest_route=\/wp\/v2\/pages\/2"}],"wp:attachment":[{"href":"https:\/\/aquaferme.fr\/index.php?rest_route=%2Fwp%2Fv2%2Fmedia&parent=18"}],"curies":[{"name":"wp","href":"https:\/\/api.w.org\/{rel}","templated":true}]}}