{"id":16,"date":"2021-09-21T12:34:41","date_gmt":"2021-09-21T10:34:41","guid":{"rendered":"https:\/\/aquaferme.fr\/?page_id=16"},"modified":"2022-03-13T12:33:50","modified_gmt":"2022-03-13T11:33:50","slug":"qui-sommes-nous","status":"publish","type":"page","link":"https:\/\/aquaferme.fr\/?page_id=16","title":{"rendered":"Qui sommes-nous ?"},"content":{"rendered":"\n<figure class=\"wp-block-image size-large is-style-default\"><img loading=\"lazy\" decoding=\"async\" width=\"851\" height=\"480\" src=\"https:\/\/aquaferme.fr\/wp-content\/uploads\/2021\/09\/vue-satellite.jpg\" alt=\"\" class=\"wp-image-73\" srcset=\"https:\/\/aquaferme.fr\/wp-content\/uploads\/2021\/09\/vue-satellite.jpg 851w, https:\/\/aquaferme.fr\/wp-content\/uploads\/2021\/09\/vue-satellite-300x169.jpg 300w, https:\/\/aquaferme.fr\/wp-content\/uploads\/2021\/09\/vue-satellite-768x433.jpg 768w\" sizes=\"auto, (max-width: 851px) 100vw, 851px\" \/><figcaption>Les bassins et \u00e9tangs de l&rsquo;Aquaferme \u00e0 Saint Pierre du Palais<\/figcaption><\/figure>\n\n\n\n<p class=\"has-medium-font-size\">Apr\u00e8s un d\u00e9but de carri\u00e8re tourn\u00e9 vers des activit\u00e9s de recherche en biologie, en particulier orient\u00e9es vers des domaines li\u00e9s \u00e0 l\u2019\u00e9tude d\u2019\u00e9cosyst\u00e8mes et notamment \u00e0 l\u2019eau (physicochimie, qualit\u00e9, phytoplancton\u2026), Olivier Barcina est devenu aquaculteur. <\/p>\n\n\n\n<p class=\"has-medium-font-size\">Pour ce faire, il a repris un cursus agricole en formation professionnelle (BPREA) alliant la pratique de la pisciculture et les mati\u00e8res utiles au montage et \u00e0 la gestion d\u2019exploitation aquacole.<\/p>\n\n\n\n<p class=\"has-medium-font-size\">Cette formation compl\u00e9mentaire,\u00a0les stages puis les emplois dans diverses fermes aquacoles et piscicultures lui ont permis d\u2019acqu\u00e9rir\u00a0une exp\u00e9rience pratique durant plusieurs ann\u00e9es : des phytoplanctons \u00e0 la station biologique\u00a0de Roskoff (CNRS),\u00a0des salmonid\u00e9s dans le Lot et Garonne, de l\u2019\u00e9levage extensif\u00a0de\u00a0gambas et poissons de marais\u00a0dans le M\u00e9doc,\u00a0ainsi que\u00a0la p\u00eache et\u00a0la pisciculture d\u2019\u00e9tang en Creuse et en Brenne.\u00a0<\/p>\n\n\n\n<p class=\"has-medium-font-size\">La recherche du site d\u2019implantation a \u00e9t\u00e9 la phase suivante et concomitante. Trouver un site disposant d\u2019une alimentation r\u00e9guli\u00e8re et p\u00e9renne\u00a0d\u2019eau saine \u00e9tait le crit\u00e8re majeur de recherche.\u00a0<\/p>\n\n\n\n<p class=\"has-medium-font-size\">C\u2019est apr\u00e8s 2 ans de travaux, de montage de dossiers pour la cr\u00e9ation du site, de r\u00e9unions et rencontres avec des \u00e9lus, des repr\u00e9sentants experts, des organismes de\u00a0financement, que les agr\u00e9ments ont \u00e9t\u00e9 d\u00e9livr\u00e9s et les premiers poissons ont pu fr\u00e9tiller d\u00e8s 2009, dans les premiers des 8 bassins creus\u00e9s de l\u2019 Aquaferme d\u2019\u00e9tang. \u00a0\u00a0<\/p>\n\n\n\n<p class=\"has-medium-font-size\">Actuellement divers bassins de diff\u00e9rentes surfaces, aliment\u00e9s par des sources et dispos\u00e9s en gravitaire permettent le\u00a0fraie, l\u2019alevinage ou le grossissement de multiples esp\u00e8ces de poissons (diff\u00e9rentes vari\u00e9t\u00e9s de carpes, gardon, tanche, goujon, divers carnassiers\u2026).\u00a0\u00a0\u00a0<\/p>\n\n\n\n<p class=\"has-medium-font-size\">&nbsp;&nbsp;&nbsp;&nbsp;&nbsp;&nbsp;&nbsp;&nbsp;&nbsp;&nbsp;&nbsp;&nbsp; L \u2018exploitation d\u2019\u00e9tangs hors du site compl\u00e8te le choix en esp\u00e8ce et en taille, permettant ainsi&nbsp;de proposer une vaste vari\u00e9t\u00e9 de poissons \u00e9lev\u00e9s de mani\u00e8re extensive dans le respect de l\u2019environnement,&nbsp;tout en ayant de nombreux impacts positifs sur ces milieux : les propri\u00e9taires participent \u00e0 une gestion concert\u00e9e et peuvent ainsi b\u00e9n\u00e9ficier d&rsquo;un revenu compl\u00e9mentaire&#8230;<\/p>\n","protected":false},"excerpt":{"rendered":"<p>Apr\u00e8s un d\u00e9but de carri\u00e8re tourn\u00e9 vers des activit\u00e9s de recherche en biologie, en particulier orient\u00e9es vers des domaines li\u00e9s \u00e0 l\u2019\u00e9tude d\u2019\u00e9cosyst\u00e8mes et notamment \u00e0 l\u2019eau (physicochimie, qualit\u00e9, phytoplancton\u2026), Olivier Barcina est devenu aquaculteur. Pour ce faire, il a repris un cursus agricole en formation professionnelle (BPREA) alliant la pratique de la pisciculture et [&hellip;]<\/p>\n","protected":false},"author":1,"featured_media":0,"parent":2,"menu_order":2,"comment_status":"closed","ping_status":"closed","template":"","meta":{"site-sidebar-layout":"right-sidebar","site-content-layout":"default","ast-site-content-layout":"default","site-content-style":"default","site-sidebar-style":"default","ast-global-header-display":"","ast-banner-title-visibility":"","ast-main-header-display":"","ast-hfb-above-header-display":"","ast-hfb-below-header-display":"","ast-hfb-mobile-header-display":"","site-post-title":"","ast-breadcrumbs-content":"","ast-featured-img":"","footer-sml-layout":"","ast-disable-related-posts":"","theme-transparent-header-meta":"default","adv-header-id-meta":"","stick-header-meta":"","header-above-stick-meta":"","header-main-stick-meta":"","header-below-stick-meta":"","astra-migrate-meta-layouts":"default","ast-page-background-enabled":"default","ast-page-background-meta":{"desktop":{"background-color":"var(--ast-global-color-4)","background-image":"","background-repeat":"repeat","background-position":"center center","background-size":"auto","background-attachment":"scroll","background-type":"","background-media":"","overlay-type":"","overlay-color":"","overlay-opacity":"","overlay-gradient":""},"tablet":{"background-color":"","background-image":"","background-repeat":"repeat","background-position":"center center","background-size":"auto","background-attachment":"scroll","background-type":"","background-media":"","overlay-type":"","overlay-color":"","overlay-opacity":"","overlay-gradient":""},"mobile":{"background-color":"","background-image":"","background-repeat":"repeat","background-position":"center center","background-size":"auto","background-attachment":"scroll","background-type":"","background-media":"","overlay-type":"","overlay-color":"","overlay-opacity":"","overlay-gradient":""}},"ast-content-background-meta":{"desktop":{"background-color":"var(--ast-global-color-5)","background-image":"","background-repeat":"repeat","background-position":"center center","background-size":"auto","background-attachment":"scroll","background-type":"","background-media":"","overlay-type":"","overlay-color":"","overlay-opacity":"","overlay-gradient":""},"tablet":{"background-color":"var(--ast-global-color-5)","background-image":"","background-repeat":"repeat","background-position":"center center","background-size":"auto","background-attachment":"scroll","background-type":"","background-media":"","overlay-type":"","overlay-color":"","overlay-opacity":"","overlay-gradient":""},"mobile":{"background-color":"var(--ast-global-color-5)","background-image":"","background-repeat":"repeat","background-position":"center center","background-size":"auto","background-attachment":"scroll","background-type":"","background-media":"","overlay-type":"","overlay-color":"","overlay-opacity":"","overlay-gradient":""}},"footnotes":""},"class_list":["post-16","page","type-page","status-publish","hentry"],"_links":{"self":[{"href":"https:\/\/aquaferme.fr\/index.php?rest_route=\/wp\/v2\/pages\/16","targetHints":{"allow":["GET"]}}],"collection":[{"href":"https:\/\/aquaferme.fr\/index.php?rest_route=\/wp\/v2\/pages"}],"about":[{"href":"https:\/\/aquaferme.fr\/index.php?rest_route=\/wp\/v2\/types\/page"}],"author":[{"embeddable":true,"href":"https:\/\/aquaferme.fr\/index.php?rest_route=\/wp\/v2\/users\/1"}],"replies":[{"embeddable":true,"href":"https:\/\/aquaferme.fr\/index.php?rest_route=%2Fwp%2Fv2%2Fcomments&post=16"}],"version-history":[{"count":13,"href":"https:\/\/aquaferme.fr\/index.php?rest_route=\/wp\/v2\/pages\/16\/revisions"}],"predecessor-version":[{"id":368,"href":"https:\/\/aquaferme.fr\/index.php?rest_route=\/wp\/v2\/pages\/16\/revisions\/368"}],"up":[{"embeddable":true,"href":"https:\/\/aquaferme.fr\/index.php?rest_route=\/wp\/v2\/pages\/2"}],"wp:attachment":[{"href":"https:\/\/aquaferme.fr\/index.php?rest_route=%2Fwp%2Fv2%2Fmedia&parent=16"}],"curies":[{"name":"wp","href":"https:\/\/api.w.org\/{rel}","templated":true}]}}